{"id":827,"date":"2025-07-01T15:03:10","date_gmt":"2025-07-01T13:03:10","guid":{"rendered":"https:\/\/www.ignisfumo.com\/?page_id=827"},"modified":"2025-07-03T10:15:19","modified_gmt":"2025-07-03T08:15:19","slug":"conseils-chauffage-bois-granules","status":"publish","type":"page","link":"https:\/\/www.ignisfumo.com\/index.php\/conseils-chauffage-bois-granules\/","title":{"rendered":"Nouvelle page article"},"content":{"rendered":"\t\t<div data-elementor-type=\"wp-page\" data-elementor-id=\"827\" class=\"elementor elementor-827\" data-elementor-post-type=\"page\">\n\t\t\t\t\t\t<section data-particle_enable=\"false\" data-particle-mobile-disabled=\"false\" class=\"elementor-section elementor-top-section elementor-element elementor-element-690eed1 elementor-section-boxed elementor-section-height-default elementor-section-height-default\" data-id=\"690eed1\" data-element_type=\"section\" data-e-type=\"section\">\n\t\t\t\t\t\t<div class=\"elementor-container elementor-column-gap-default\">\n\t\t\t\t\t<div class=\"elementor-column elementor-col-100 elementor-top-column elementor-element elementor-element-73c1fd6\" data-id=\"73c1fd6\" data-element_type=\"column\" data-e-type=\"column\">\n\t\t\t<div class=\"elementor-widget-wrap elementor-element-populated\">\n\t\t\t\t\t\t<div class=\"elementor-element elementor-element-2ed0871 elementor-widget elementor-widget-heading\" data-id=\"2ed0871\" data-element_type=\"widget\" data-e-type=\"widget\" data-widget_type=\"heading.default\">\n\t\t\t\t<div class=\"elementor-widget-container\">\n\t\t\t\t\t<h2 class=\"elementor-heading-title elementor-size-default\">Conseils &amp; actualit\u00e9s autour du chauffage bois et granul\u00e9s<\/h2>\t\t\t\t<\/div>\n\t\t\t\t<\/div>\n\t\t\t\t<div class=\"elementor-element elementor-element-1f67415 elementor-widget elementor-widget-elementskit-blog-posts\" data-id=\"1f67415\" data-element_type=\"widget\" data-e-type=\"widget\" data-widget_type=\"elementskit-blog-posts.default\">\n\t\t\t\t<div class=\"elementor-widget-container\">\n\t\t\t\t\t<div class=\"ekit-wid-con\" >        <div id=\"post-items--1f67415\" class=\"row post-items\">\n                    <div class=\"col-lg-4 col-md-6\">\n\n                                    <div class=\"elementskit-post-image-card\">\n                        <div class=\"elementskit-entry-header\">\n                                                            <a href=\"https:\/\/www.ignisfumo.com\/index.php\/2025\/10\/01\/chauffage-bois-2025\/\" class=\"elementskit-entry-thumb\">\n                                    <img decoding=\"async\" src=\"https:\/\/i0.wp.com\/www.ignisfumo.com\/wp-content\/uploads\/2025\/10\/AdobeStock_326962549.jpg?fit=1024%2C683&#038;ssl=1\" alt=\"Pourquoi choisir un chauffage au bois en 2025 ?\">\n                                <\/a><!-- .elementskit-entry-thumb END -->\n                                                                                                    <div class=\"elementskit-meta-lists\">\n                                        <div class=\"elementskit-single-meta\"><span class=\"elementskit-meta-wraper\"><strong>01<\/strong>Oct<\/span><\/div>\n                                    <\/div>\n                                                                                            \n                            \n\t\t\t\t\t\t\t\t\t\t\t\t\t<\/div><!-- .elementskit-entry-header END -->\n\n\t\t\t\t\t\t<div class=\"elementskit-post-body \">\n\t\t\t\t\t\t\t\n\t\t\t\t\t\t\t\t\t\t\t\t\t\t\t\t\t\t\t\t\t\t\t\t\t\t\t\t<div class=\"post-meta-list\">\n\t\t\t\t\t\t\t\t\t\t\t\t\t<\/div>\n\t\t\t\t\t\t\t\t\t\t\t\t\t\n\t\t\t\t\t\t\t\t\n\t\t\t\t\t\t\t\t\t\t\t\t\t\t\t\t\t\t\t\t\t<h2 class=\"entry-title\">\n\t\t\t\t\t<a href=\"https:\/\/www.ignisfumo.com\/index.php\/2025\/10\/01\/chauffage-bois-2025\/\">\n\t\t\t\t\t\tPourquoi choisir un chauffage au bois en 2025 ?\t\t\t\t\t<\/a>\n\t\t\t\t<\/h2>\n\t\t\t\t\t\t\t\t\t\t\t\t\t\t\t\t\t\t\t\t\t\t\t\t\t\t\t\t\t\t\t\t                                                            <div class=\"btn-wraper\">\n                                    \n                                                                            <a class=\"elementskit-btn whitespace--normal\" id=\"\" href=\"https:\/\/www.ignisfumo.com\/index.php\/2025\/10\/01\/chauffage-bois-2025\/\">\n                                        \t                                            Lire l&#039;article                                        <\/a>\n                                                                    <\/div>\n                                                    <\/div><!-- .elementskit-post-body END -->\n                    <\/div>\n                \n            <\/div>\n                    <div class=\"col-lg-4 col-md-6\">\n\n                                    <div class=\"elementskit-post-image-card\">\n                        <div class=\"elementskit-entry-header\">\n                                                            <a href=\"https:\/\/www.ignisfumo.com\/index.php\/2025\/06\/14\/aides-a-linstallation-dun-poele-a-granules-comment-en-profiter-copy-2\/\" class=\"elementskit-entry-thumb\">\n                                    <img decoding=\"async\" src=\"https:\/\/i0.wp.com\/www.ignisfumo.com\/wp-content\/uploads\/2025\/06\/Ignisfumo-article.jpg?fit=1024%2C574&#038;ssl=1\" alt=\"Pourquoi entretenir r\u00e9guli\u00e8rement votre po\u00eale \u00e0 bois ?\">\n                                <\/a><!-- .elementskit-entry-thumb END -->\n                                                                                                    <div class=\"elementskit-meta-lists\">\n                                        <div class=\"elementskit-single-meta\"><span class=\"elementskit-meta-wraper\"><strong>14<\/strong>Juin<\/span><\/div>\n                                    <\/div>\n                                                                                            \n                            \n\t\t\t\t\t\t\t\t\t\t\t\t\t<\/div><!-- .elementskit-entry-header END -->\n\n\t\t\t\t\t\t<div class=\"elementskit-post-body \">\n\t\t\t\t\t\t\t\n\t\t\t\t\t\t\t\t\t\t\t\t\t\t\t\t\t\t\t\t\t\t\t\t\t\t\t\t<div class=\"post-meta-list\">\n\t\t\t\t\t\t\t\t\t\t\t\t\t<\/div>\n\t\t\t\t\t\t\t\t\t\t\t\t\t\n\t\t\t\t\t\t\t\t\n\t\t\t\t\t\t\t\t\t\t\t\t\t\t\t\t\t\t\t\t\t<h2 class=\"entry-title\">\n\t\t\t\t\t<a href=\"https:\/\/www.ignisfumo.com\/index.php\/2025\/06\/14\/aides-a-linstallation-dun-poele-a-granules-comment-en-profiter-copy-2\/\">\n\t\t\t\t\t\tPourquoi entretenir r\u00e9guli\u00e8rement votre po\u00eale \u00e0 bois ?\t\t\t\t\t<\/a>\n\t\t\t\t<\/h2>\n\t\t\t\t\t\t\t\t\t\t\t\t\t\t\t\t\t\t\t\t\t\t\t\t\t\t\t\t\t\t\t\t                                                            <div class=\"btn-wraper\">\n                                    \n                                                                            <a class=\"elementskit-btn whitespace--normal\" id=\"\" href=\"https:\/\/www.ignisfumo.com\/index.php\/2025\/06\/14\/aides-a-linstallation-dun-poele-a-granules-comment-en-profiter-copy-2\/\">\n                                        \t                                            Lire l&#039;article                                        <\/a>\n                                                                    <\/div>\n                                                    <\/div><!-- .elementskit-post-body END -->\n                    <\/div>\n                \n            <\/div>\n                    <div class=\"col-lg-4 col-md-6\">\n\n                                    <div class=\"elementskit-post-image-card\">\n                        <div class=\"elementskit-entry-header\">\n                                                            <a href=\"https:\/\/www.ignisfumo.com\/index.php\/2025\/06\/14\/aides-a-linstallation-dun-poele-a-granules-comment-en-profiter-copy\/\" class=\"elementskit-entry-thumb\">\n                                    <img decoding=\"async\" src=\"https:\/\/i0.wp.com\/www.ignisfumo.com\/wp-content\/uploads\/2025\/06\/Ignisfumo-article-2.jpg?fit=1024%2C574&#038;ssl=1\" alt=\"Po\u00eale \u00e0 granul\u00e9s ou po\u00eale \u00e0 bois : que choisir ?\">\n                                <\/a><!-- .elementskit-entry-thumb END -->\n                                                                                                    <div class=\"elementskit-meta-lists\">\n                                        <div class=\"elementskit-single-meta\"><span class=\"elementskit-meta-wraper\"><strong>14<\/strong>Juin<\/span><\/div>\n                                    <\/div>\n                                                                                            \n                            \n\t\t\t\t\t\t\t\t\t\t\t\t\t<\/div><!-- .elementskit-entry-header END -->\n\n\t\t\t\t\t\t<div class=\"elementskit-post-body \">\n\t\t\t\t\t\t\t\n\t\t\t\t\t\t\t\t\t\t\t\t\t\t\t\t\t\t\t\t\t\t\t\t\t\t\t\t<div class=\"post-meta-list\">\n\t\t\t\t\t\t\t\t\t\t\t\t\t<\/div>\n\t\t\t\t\t\t\t\t\t\t\t\t\t\n\t\t\t\t\t\t\t\t\n\t\t\t\t\t\t\t\t\t\t\t\t\t\t\t\t\t\t\t\t\t<h2 class=\"entry-title\">\n\t\t\t\t\t<a href=\"https:\/\/www.ignisfumo.com\/index.php\/2025\/06\/14\/aides-a-linstallation-dun-poele-a-granules-comment-en-profiter-copy\/\">\n\t\t\t\t\t\tPo\u00eale \u00e0 granul\u00e9s ou po\u00eale \u00e0 bois : que choisir ?\t\t\t\t\t<\/a>\n\t\t\t\t<\/h2>\n\t\t\t\t\t\t\t\t\t\t\t\t\t\t\t\t\t\t\t\t\t\t\t\t\t\t\t\t\t\t\t\t                                                            <div class=\"btn-wraper\">\n                                    \n                                                                            <a class=\"elementskit-btn whitespace--normal\" id=\"\" href=\"https:\/\/www.ignisfumo.com\/index.php\/2025\/06\/14\/aides-a-linstallation-dun-poele-a-granules-comment-en-profiter-copy\/\">\n                                        \t                                            Lire l&#039;article                                        <\/a>\n                                                                    <\/div>\n                                                    <\/div><!-- .elementskit-post-body END -->\n                    <\/div>\n                \n            <\/div>\n                    <div class=\"col-lg-4 col-md-6\">\n\n                                    <div class=\"elementskit-post-image-card\">\n                        <div class=\"elementskit-entry-header\">\n                                                            <a href=\"https:\/\/www.ignisfumo.com\/index.php\/2025\/06\/14\/aides-a-linstallation-dun-poele-a-granules-comment-en-profiter\/\" class=\"elementskit-entry-thumb\">\n                                    <img decoding=\"async\" src=\"https:\/\/i0.wp.com\/www.ignisfumo.com\/wp-content\/uploads\/2025\/06\/Ignisfumo-article-3.jpg?fit=1024%2C574&#038;ssl=1\" alt=\"Aides \u00e0 l\u2019installation d\u2019un po\u00eale \u00e0 granul\u00e9s : comment en profiter\">\n                                <\/a><!-- .elementskit-entry-thumb END -->\n                                                                                                    <div class=\"elementskit-meta-lists\">\n                                        <div class=\"elementskit-single-meta\"><span class=\"elementskit-meta-wraper\"><strong>14<\/strong>Juin<\/span><\/div>\n                                    <\/div>\n                                                                                            \n                            \n\t\t\t\t\t\t\t\t\t\t\t\t\t<\/div><!-- .elementskit-entry-header END -->\n\n\t\t\t\t\t\t<div class=\"elementskit-post-body \">\n\t\t\t\t\t\t\t\n\t\t\t\t\t\t\t\t\t\t\t\t\t\t\t\t\t\t\t\t\t\t\t\t\t\t\t\t<div class=\"post-meta-list\">\n\t\t\t\t\t\t\t\t\t\t\t\t\t<\/div>\n\t\t\t\t\t\t\t\t\t\t\t\t\t\n\t\t\t\t\t\t\t\t\n\t\t\t\t\t\t\t\t\t\t\t\t\t\t\t\t\t\t\t\t\t<h2 class=\"entry-title\">\n\t\t\t\t\t<a href=\"https:\/\/www.ignisfumo.com\/index.php\/2025\/06\/14\/aides-a-linstallation-dun-poele-a-granules-comment-en-profiter\/\">\n\t\t\t\t\t\tAides \u00e0 l\u2019installation d\u2019un po\u00eale \u00e0 granul\u00e9s : comment en profiter\t\t\t\t\t<\/a>\n\t\t\t\t<\/h2>\n\t\t\t\t\t\t\t\t\t\t\t\t\t\t\t\t\t\t\t\t\t\t\t\t\t\t\t\t\t\t\t\t                                                            <div class=\"btn-wraper\">\n                                    \n                                                                            <a class=\"elementskit-btn whitespace--normal\" id=\"\" href=\"https:\/\/www.ignisfumo.com\/index.php\/2025\/06\/14\/aides-a-linstallation-dun-poele-a-granules-comment-en-profiter\/\">\n                                        \t                                            Lire l&#039;article                                        <\/a>\n                                                                    <\/div>\n                                                    <\/div><!-- .elementskit-post-body END -->\n                    <\/div>\n                \n            <\/div>\n                <\/div>\n       <\/div>\t\t\t\t<\/div>\n\t\t\t\t<\/div>\n\t\t\t\t\t<\/div>\n\t\t<\/div>\n\t\t\t\t\t<\/div>\n\t\t<\/section>\n\t\t\t\t<\/div>\n\t\t","protected":false},"excerpt":{"rendered":"<p>Conseils &amp; actualit\u00e9s autour du chauffage bois et granul\u00e9s 14Juin Pourquoi entretenir r\u00e9guli\u00e8rement votre po\u00eale \u00e0 bois ? Lire l&#039;article 14Juin Po\u00eale \u00e0 granul\u00e9s ou po\u00eale \u00e0 bois : que choisir ? Lire l&#039;article 14Juin Aides \u00e0 l\u2019installation d\u2019un po\u00eale \u00e0 granul\u00e9s : comment en profiter Lire l&#039;article<\/p>\n","protected":false},"author":2,"featured_media":0,"parent":0,"menu_order":0,"comment_status":"closed","ping_status":"closed","template":"elementor_header_footer","meta":{"site-sidebar-layout":"no-sidebar","site-content-layout":"page-builder","ast-site-content-layout":"full-width-container","site-content-style":"default","site-sidebar-style":"default","ast-global-header-display":"","ast-banner-title-visibility":"","ast-main-header-display":"","ast-hfb-above-header-display":"","ast-hfb-below-header-display":"","ast-hfb-mobile-header-display":"","site-post-title":"disabled","ast-breadcrumbs-content":"","ast-featured-img":"disabled","footer-sml-layout":"","ast-disable-related-posts":"","theme-transparent-header-meta":"","adv-header-id-meta":"","stick-header-meta":"","header-above-stick-meta":"","header-main-stick-meta":"","header-below-stick-meta":"","astra-migrate-meta-layouts":"set","ast-page-background-enabled":"default","ast-page-background-meta":{"desktop":{"background-color":"","background-image":"","background-repeat":"repeat","background-position":"center center","background-size":"auto","background-attachment":"scroll","background-type":"","background-media":"","overlay-type":"","overlay-color":"","overlay-opacity":"","overlay-gradient":""},"tablet":{"background-color":"","background-image":"","background-repeat":"repeat","background-position":"center center","background-size":"auto","background-attachment":"scroll","background-type":"","background-media":"","overlay-type":"","overlay-color":"","overlay-opacity":"","overlay-gradient":""},"mobile":{"background-color":"","background-image":"","background-repeat":"repeat","background-position":"center center","background-size":"auto","background-attachment":"scroll","background-type":"","background-media":"","overlay-type":"","overlay-color":"","overlay-opacity":"","overlay-gradient":""}},"ast-content-background-meta":{"desktop":{"background-color":"var(--ast-global-color-5)","background-image":"","background-repeat":"repeat","background-position":"center center","background-size":"auto","background-attachment":"scroll","background-type":"","background-media":"","overlay-type":"","overlay-color":"","overlay-opacity":"","overlay-gradient":""},"tablet":{"background-color":"var(--ast-global-color-5)","background-image":"","background-repeat":"repeat","background-position":"center center","background-size":"auto","background-attachment":"scroll","background-type":"","background-media":"","overlay-type":"","overlay-color":"","overlay-opacity":"","overlay-gradient":""},"mobile":{"background-color":"var(--ast-global-color-5)","background-image":"","background-repeat":"repeat","background-position":"center center","background-size":"auto","background-attachment":"scroll","background-type":"","background-media":"","overlay-type":"","overlay-color":"","overlay-opacity":"","overlay-gradient":""}},"footnotes":""},"class_list":["post-827","page","type-page","status-publish","hentry"],"yoast_head":"<!-- This site is optimized with the Yoast SEO plugin v27.4 - https:\/\/yoast.com\/product\/yoast-seo-wordpress\/ -->\n<title>Blog Ignisfumo \u2013 Conseils et actualit\u00e9s chauffage bois &amp; granul\u00e9s<\/title>\n<meta name=\"description\" content=\"Retrouvez tous nos conseils, guides et actualit\u00e9s sur le chauffage bois, les po\u00eales \u00e0 granul\u00e9s, la fumisterie, les aides, et l\u2019entretien r\u00e9gulier.\" \/>\n<meta name=\"robots\" content=\"index, follow, max-snippet:-1, max-image-preview:large, max-video-preview:-1\" \/>\n<link rel=\"canonical\" href=\"https:\/\/www.ignisfumo.com\/index.php\/conseils-chauffage-bois-granules\/\" \/>\n<meta property=\"og:locale\" content=\"fr_FR\" \/>\n<meta property=\"og:type\" content=\"article\" \/>\n<meta property=\"og:title\" content=\"Blog Ignisfumo \u2013 Conseils et actualit\u00e9s chauffage bois &amp; granul\u00e9s\" \/>\n<meta property=\"og:description\" content=\"Retrouvez tous nos conseils, guides et actualit\u00e9s sur le chauffage bois, les po\u00eales \u00e0 granul\u00e9s, la fumisterie, les aides, et l\u2019entretien r\u00e9gulier.\" \/>\n<meta property=\"og:url\" content=\"https:\/\/www.ignisfumo.com\/index.php\/conseils-chauffage-bois-granules\/\" \/>\n<meta property=\"og:site_name\" content=\"Ignis Fumo\" \/>\n<meta property=\"article:modified_time\" content=\"2025-07-03T08:15:19+00:00\" \/>\n<meta property=\"og:image\" content=\"https:\/\/www.ignisfumo.com\/wp-content\/uploads\/2025\/06\/Ignisfumo-article-1024x574.jpg\" \/>\n<meta name=\"twitter:card\" content=\"summary_large_image\" \/>\n<meta name=\"twitter:label1\" content=\"Dur\u00e9e de lecture estim\u00e9e\" \/>\n\t<meta name=\"twitter:data1\" content=\"1 minute\" \/>\n<script type=\"application\/ld+json\" class=\"yoast-schema-graph\">{\"@context\":\"https:\\\/\\\/schema.org\",\"@graph\":[{\"@type\":\"WebPage\",\"@id\":\"https:\\\/\\\/www.ignisfumo.com\\\/index.php\\\/conseils-chauffage-bois-granules\\\/\",\"url\":\"https:\\\/\\\/www.ignisfumo.com\\\/index.php\\\/conseils-chauffage-bois-granules\\\/\",\"name\":\"Blog Ignisfumo \u2013 Conseils et actualit\u00e9s chauffage bois & granul\u00e9s\",\"isPartOf\":{\"@id\":\"https:\\\/\\\/www.ignisfumo.com\\\/#website\"},\"primaryImageOfPage\":{\"@id\":\"https:\\\/\\\/www.ignisfumo.com\\\/index.php\\\/conseils-chauffage-bois-granules\\\/#primaryimage\"},\"image\":{\"@id\":\"https:\\\/\\\/www.ignisfumo.com\\\/index.php\\\/conseils-chauffage-bois-granules\\\/#primaryimage\"},\"thumbnailUrl\":\"https:\\\/\\\/www.ignisfumo.com\\\/wp-content\\\/uploads\\\/2025\\\/06\\\/Ignisfumo-article-1024x574.jpg\",\"datePublished\":\"2025-07-01T13:03:10+00:00\",\"dateModified\":\"2025-07-03T08:15:19+00:00\",\"description\":\"Retrouvez tous nos conseils, guides et actualit\u00e9s sur le chauffage bois, les po\u00eales \u00e0 granul\u00e9s, la fumisterie, les aides, et l\u2019entretien r\u00e9gulier.\",\"breadcrumb\":{\"@id\":\"https:\\\/\\\/www.ignisfumo.com\\\/index.php\\\/conseils-chauffage-bois-granules\\\/#breadcrumb\"},\"inLanguage\":\"fr-FR\",\"potentialAction\":[{\"@type\":\"ReadAction\",\"target\":[\"https:\\\/\\\/www.ignisfumo.com\\\/index.php\\\/conseils-chauffage-bois-granules\\\/\"]}]},{\"@type\":\"ImageObject\",\"inLanguage\":\"fr-FR\",\"@id\":\"https:\\\/\\\/www.ignisfumo.com\\\/index.php\\\/conseils-chauffage-bois-granules\\\/#primaryimage\",\"url\":\"https:\\\/\\\/i0.wp.com\\\/www.ignisfumo.com\\\/wp-content\\\/uploads\\\/2025\\\/06\\\/Ignisfumo-article.jpg?fit=1920%2C1076&ssl=1\",\"contentUrl\":\"https:\\\/\\\/i0.wp.com\\\/www.ignisfumo.com\\\/wp-content\\\/uploads\\\/2025\\\/06\\\/Ignisfumo-article.jpg?fit=1920%2C1076&ssl=1\",\"width\":1920,\"height\":1076},{\"@type\":\"BreadcrumbList\",\"@id\":\"https:\\\/\\\/www.ignisfumo.com\\\/index.php\\\/conseils-chauffage-bois-granules\\\/#breadcrumb\",\"itemListElement\":[{\"@type\":\"ListItem\",\"position\":1,\"name\":\"Accueil\",\"item\":\"https:\\\/\\\/www.ignisfumo.com\\\/\"},{\"@type\":\"ListItem\",\"position\":2,\"name\":\"Nouvelle page article\"}]},{\"@type\":\"WebSite\",\"@id\":\"https:\\\/\\\/www.ignisfumo.com\\\/#website\",\"url\":\"https:\\\/\\\/www.ignisfumo.com\\\/\",\"name\":\"Ignis Fumo\",\"description\":\"Services, produits et accessoires d\u00e9di\u00e9s au chauffage au bois\",\"publisher\":{\"@id\":\"https:\\\/\\\/www.ignisfumo.com\\\/#organization\"},\"potentialAction\":[{\"@type\":\"SearchAction\",\"target\":{\"@type\":\"EntryPoint\",\"urlTemplate\":\"https:\\\/\\\/www.ignisfumo.com\\\/?s={search_term_string}\"},\"query-input\":{\"@type\":\"PropertyValueSpecification\",\"valueRequired\":true,\"valueName\":\"search_term_string\"}}],\"inLanguage\":\"fr-FR\"},{\"@type\":\"Organization\",\"@id\":\"https:\\\/\\\/www.ignisfumo.com\\\/#organization\",\"name\":\"Ignis Fumo\",\"url\":\"https:\\\/\\\/www.ignisfumo.com\\\/\",\"logo\":{\"@type\":\"ImageObject\",\"inLanguage\":\"fr-FR\",\"@id\":\"https:\\\/\\\/www.ignisfumo.com\\\/#\\\/schema\\\/logo\\\/image\\\/\",\"url\":\"https:\\\/\\\/www.ignisfumo.com\\\/wp-content\\\/uploads\\\/2020\\\/08\\\/logo-if.png\",\"contentUrl\":\"https:\\\/\\\/www.ignisfumo.com\\\/wp-content\\\/uploads\\\/2020\\\/08\\\/logo-if.png\",\"width\":600,\"height\":250,\"caption\":\"Ignis Fumo\"},\"image\":{\"@id\":\"https:\\\/\\\/www.ignisfumo.com\\\/#\\\/schema\\\/logo\\\/image\\\/\"}}]}<\/script>\n<!-- \/ Yoast SEO plugin. -->","yoast_head_json":{"title":"Blog Ignisfumo \u2013 Conseils et actualit\u00e9s chauffage bois & granul\u00e9s","description":"Retrouvez tous nos conseils, guides et actualit\u00e9s sur le chauffage bois, les po\u00eales \u00e0 granul\u00e9s, la fumisterie, les aides, et l\u2019entretien r\u00e9gulier.","robots":{"index":"index","follow":"follow","max-snippet":"max-snippet:-1","max-image-preview":"max-image-preview:large","max-video-preview":"max-video-preview:-1"},"canonical":"https:\/\/www.ignisfumo.com\/index.php\/conseils-chauffage-bois-granules\/","og_locale":"fr_FR","og_type":"article","og_title":"Blog Ignisfumo \u2013 Conseils et actualit\u00e9s chauffage bois & granul\u00e9s","og_description":"Retrouvez tous nos conseils, guides et actualit\u00e9s sur le chauffage bois, les po\u00eales \u00e0 granul\u00e9s, la fumisterie, les aides, et l\u2019entretien r\u00e9gulier.","og_url":"https:\/\/www.ignisfumo.com\/index.php\/conseils-chauffage-bois-granules\/","og_site_name":"Ignis Fumo","article_modified_time":"2025-07-03T08:15:19+00:00","og_image":[{"url":"https:\/\/www.ignisfumo.com\/wp-content\/uploads\/2025\/06\/Ignisfumo-article-1024x574.jpg","type":"","width":"","height":""}],"twitter_card":"summary_large_image","twitter_misc":{"Dur\u00e9e de lecture estim\u00e9e":"1 minute"},"schema":{"@context":"https:\/\/schema.org","@graph":[{"@type":"WebPage","@id":"https:\/\/www.ignisfumo.com\/index.php\/conseils-chauffage-bois-granules\/","url":"https:\/\/www.ignisfumo.com\/index.php\/conseils-chauffage-bois-granules\/","name":"Blog Ignisfumo \u2013 Conseils et actualit\u00e9s chauffage bois & granul\u00e9s","isPartOf":{"@id":"https:\/\/www.ignisfumo.com\/#website"},"primaryImageOfPage":{"@id":"https:\/\/www.ignisfumo.com\/index.php\/conseils-chauffage-bois-granules\/#primaryimage"},"image":{"@id":"https:\/\/www.ignisfumo.com\/index.php\/conseils-chauffage-bois-granules\/#primaryimage"},"thumbnailUrl":"https:\/\/www.ignisfumo.com\/wp-content\/uploads\/2025\/06\/Ignisfumo-article-1024x574.jpg","datePublished":"2025-07-01T13:03:10+00:00","dateModified":"2025-07-03T08:15:19+00:00","description":"Retrouvez tous nos conseils, guides et actualit\u00e9s sur le chauffage bois, les po\u00eales \u00e0 granul\u00e9s, la fumisterie, les aides, et l\u2019entretien r\u00e9gulier.","breadcrumb":{"@id":"https:\/\/www.ignisfumo.com\/index.php\/conseils-chauffage-bois-granules\/#breadcrumb"},"inLanguage":"fr-FR","potentialAction":[{"@type":"ReadAction","target":["https:\/\/www.ignisfumo.com\/index.php\/conseils-chauffage-bois-granules\/"]}]},{"@type":"ImageObject","inLanguage":"fr-FR","@id":"https:\/\/www.ignisfumo.com\/index.php\/conseils-chauffage-bois-granules\/#primaryimage","url":"https:\/\/i0.wp.com\/www.ignisfumo.com\/wp-content\/uploads\/2025\/06\/Ignisfumo-article.jpg?fit=1920%2C1076&ssl=1","contentUrl":"https:\/\/i0.wp.com\/www.ignisfumo.com\/wp-content\/uploads\/2025\/06\/Ignisfumo-article.jpg?fit=1920%2C1076&ssl=1","width":1920,"height":1076},{"@type":"BreadcrumbList","@id":"https:\/\/www.ignisfumo.com\/index.php\/conseils-chauffage-bois-granules\/#breadcrumb","itemListElement":[{"@type":"ListItem","position":1,"name":"Accueil","item":"https:\/\/www.ignisfumo.com\/"},{"@type":"ListItem","position":2,"name":"Nouvelle page article"}]},{"@type":"WebSite","@id":"https:\/\/www.ignisfumo.com\/#website","url":"https:\/\/www.ignisfumo.com\/","name":"Ignis Fumo","description":"Services, produits et accessoires d\u00e9di\u00e9s au chauffage au bois","publisher":{"@id":"https:\/\/www.ignisfumo.com\/#organization"},"potentialAction":[{"@type":"SearchAction","target":{"@type":"EntryPoint","urlTemplate":"https:\/\/www.ignisfumo.com\/?s={search_term_string}"},"query-input":{"@type":"PropertyValueSpecification","valueRequired":true,"valueName":"search_term_string"}}],"inLanguage":"fr-FR"},{"@type":"Organization","@id":"https:\/\/www.ignisfumo.com\/#organization","name":"Ignis Fumo","url":"https:\/\/www.ignisfumo.com\/","logo":{"@type":"ImageObject","inLanguage":"fr-FR","@id":"https:\/\/www.ignisfumo.com\/#\/schema\/logo\/image\/","url":"https:\/\/www.ignisfumo.com\/wp-content\/uploads\/2020\/08\/logo-if.png","contentUrl":"https:\/\/www.ignisfumo.com\/wp-content\/uploads\/2020\/08\/logo-if.png","width":600,"height":250,"caption":"Ignis Fumo"},"image":{"@id":"https:\/\/www.ignisfumo.com\/#\/schema\/logo\/image\/"}}]}},"jetpack_sharing_enabled":true,"_links":{"self":[{"href":"https:\/\/www.ignisfumo.com\/index.php\/wp-json\/wp\/v2\/pages\/827","targetHints":{"allow":["GET"]}}],"collection":[{"href":"https:\/\/www.ignisfumo.com\/index.php\/wp-json\/wp\/v2\/pages"}],"about":[{"href":"https:\/\/www.ignisfumo.com\/index.php\/wp-json\/wp\/v2\/types\/page"}],"author":[{"embeddable":true,"href":"https:\/\/www.ignisfumo.com\/index.php\/wp-json\/wp\/v2\/users\/2"}],"replies":[{"embeddable":true,"href":"https:\/\/www.ignisfumo.com\/index.php\/wp-json\/wp\/v2\/comments?post=827"}],"version-history":[{"count":16,"href":"https:\/\/www.ignisfumo.com\/index.php\/wp-json\/wp\/v2\/pages\/827\/revisions"}],"predecessor-version":[{"id":1587,"href":"https:\/\/www.ignisfumo.com\/index.php\/wp-json\/wp\/v2\/pages\/827\/revisions\/1587"}],"wp:attachment":[{"href":"https:\/\/www.ignisfumo.com\/index.php\/wp-json\/wp\/v2\/media?parent=827"}],"curies":[{"name":"wp","href":"https:\/\/api.w.org\/{rel}","templated":true}]}}