{"id":1390,"date":"2025-06-27T09:11:55","date_gmt":"2025-06-27T07:11:55","guid":{"rendered":"https:\/\/www.ignisfumo.com\/?page_id=1390"},"modified":"2025-07-01T14:37:54","modified_gmt":"2025-07-01T12:37:54","slug":"politique-des-cookies-ignis-fumo","status":"publish","type":"page","link":"https:\/\/www.ignisfumo.com\/index.php\/politique-des-cookies-ignis-fumo\/","title":{"rendered":"Politique des cookies &#8211;  Ignis Fumo"},"content":{"rendered":"\t\t<div data-elementor-type=\"wp-page\" data-elementor-id=\"1390\" class=\"elementor elementor-1390\" data-elementor-post-type=\"page\">\n\t\t\t\t\t\t<section data-particle_enable=\"false\" data-particle-mobile-disabled=\"false\" class=\"elementor-section elementor-top-section elementor-element elementor-element-543b3d5 elementor-section-boxed elementor-section-height-default elementor-section-height-default\" data-id=\"543b3d5\" data-element_type=\"section\" data-e-type=\"section\">\n\t\t\t\t\t\t<div class=\"elementor-container elementor-column-gap-default\">\n\t\t\t\t\t<div class=\"elementor-column elementor-col-100 elementor-top-column elementor-element elementor-element-849a17e\" data-id=\"849a17e\" data-element_type=\"column\" data-e-type=\"column\">\n\t\t\t<div class=\"elementor-widget-wrap elementor-element-populated\">\n\t\t\t\t\t\t\t<\/div>\n\t\t<\/div>\n\t\t\t\t\t<\/div>\n\t\t<\/section>\n\t\t\t\t<section data-particle_enable=\"false\" data-particle-mobile-disabled=\"false\" class=\"elementor-section elementor-top-section elementor-element elementor-element-2818f14b elementor-section-boxed elementor-section-height-default elementor-section-height-default\" data-id=\"2818f14b\" data-element_type=\"section\" data-e-type=\"section\">\n\t\t\t\t\t\t<div class=\"elementor-container elementor-column-gap-default\">\n\t\t\t\t\t<div class=\"elementor-column elementor-col-100 elementor-top-column elementor-element elementor-element-142af349\" data-id=\"142af349\" data-element_type=\"column\" data-e-type=\"column\">\n\t\t\t<div class=\"elementor-widget-wrap elementor-element-populated\">\n\t\t\t\t\t\t<div class=\"elementor-element elementor-element-78b95762 elementor-widget elementor-widget-text-editor\" data-id=\"78b95762\" data-element_type=\"widget\" data-e-type=\"widget\" data-widget_type=\"text-editor.default\">\n\t\t\t\t<div class=\"elementor-widget-container\">\n\t\t\t\t\t\t\t\t\t\n<p><strong>Derni\u00e8re mise \u00e0 jour : [juin 2025]<\/strong><\/p>\n\n\n\n<p>Le site <strong>Ignisfumo.com<\/strong> utilise des cookies pour assurer le bon fonctionnement du site, am\u00e9liorer l\u2019exp\u00e9rience utilisateur et mesurer l\u2019audience. Cette politique vous explique comment nous utilisons ces cookies et comment les g\u00e9rer.<\/p>\n\n\n\n<hr class=\"wp-block-separator has-alpha-channel-opacity\"\/>\n\n\n\n<h3 class=\"wp-block-heading\">1. Qu\u2019est-ce qu\u2019un cookie ?<\/h3>\n\n\n\n<p>Un <strong>cookie<\/strong> est un petit fichier texte enregistr\u00e9 sur votre appareil lors de la visite d\u2019un site web. Il permet de collecter des informations sur votre navigation.<\/p>\n\n\n\n<hr class=\"wp-block-separator has-alpha-channel-opacity\"\/>\n\n\n\n<h3 class=\"wp-block-heading\">2. Cookies utilis\u00e9s sur ce site<\/h3>\n\n\n\n<h4 class=\"wp-block-heading\">a) Cookies strictement n\u00e9cessaires<\/h4>\n\n\n\n<p>Ces cookies sont indispensables au fonctionnement du site (formulaires de contact, panier, s\u00e9curit\u00e9\u2026).<\/p>\n\n\n\n<h4 class=\"wp-block-heading\">b) Cookies de mesure d\u2019audience<\/h4>\n\n\n\n<p>Utilis\u00e9s via <strong>Google Analytics<\/strong>, ils permettent d\u2019analyser la fr\u00e9quentation du site de mani\u00e8re anonyme.<\/p>\n\n\n\n<h4 class=\"wp-block-heading\">c) Cookies de services tiers<\/h4>\n\n\n\n<ul class=\"wp-block-list\">\n<li><strong>YouTube<\/strong> : pour lire des vid\u00e9os int\u00e9gr\u00e9es.<\/li>\n\n\n\n<li><strong>reCAPTCHA<\/strong> : pour prot\u00e9ger les formulaires contre les robots.<\/li>\n\n\n\n<li><strong>R\u00e9seaux sociaux<\/strong> : Facebook, Instagram (boutons de partage).<\/li>\n\n\n\n<li><strong>Cookies publicitaires<\/strong> : pixels de suivi Facebook\/Meta, utilis\u00e9s \u00e0 des fins de ciblage ou de statistiques.<\/li>\n<\/ul>\n\n\n\n<hr class=\"wp-block-separator has-alpha-channel-opacity\"\/>\n\n\n\n<h3 class=\"wp-block-heading\">3. Consentement<\/h3>\n\n\n\n<p>Lors de votre premi\u00e8re visite, une banni\u00e8re vous informe de l\u2019utilisation des cookies. Vous pouvez <strong>accepter, refuser ou personnaliser<\/strong> vos choix \u00e0 tout moment via le lien en bas de page.<\/p>\n\n\n\n<hr class=\"wp-block-separator has-alpha-channel-opacity\"\/>\n\n\n\n<h3 class=\"wp-block-heading\">4. Dur\u00e9e de conservation<\/h3>\n\n\n\n<p>Les cookies sont conserv\u00e9s pour une dur\u00e9e maximale de <strong>13 mois<\/strong> \u00e0 compter de leur d\u00e9p\u00f4t.<\/p>\n\n\n\n<hr class=\"wp-block-separator has-alpha-channel-opacity\"\/>\n\n\n\n<h3 class=\"wp-block-heading\">5. G\u00e9rer les cookies<\/h3>\n\n\n\n<p>Vous pouvez modifier vos pr\u00e9f\u00e9rences \u00e0 tout moment :<\/p>\n\n\n\n<ul class=\"wp-block-list\">\n<li>En cliquant sur \u00ab G\u00e9rer mes cookies \u00bb<\/li>\n\n\n\n<li>Ou via les param\u00e8tres de votre navigateur (Chrome, Firefox, Safari&#8230;)<\/li>\n<\/ul>\n\n\n\n<hr class=\"wp-block-separator has-alpha-channel-opacity\"\/>\n\n\n\n<h3 class=\"wp-block-heading\">6. Contact<\/h3>\n\n\n\n<p>Pour toute question concernant cette politique, contactez-nous \u00e0 :<br>\ud83d\udce7 <strong><a>&#x63;&#111;&#x6e;&#x74;&#97;&#x63;&#116;&#64;&#x69;&#103;n&#x69;&#115;f&#x75;&#109;o&#x2e;&#99;&#x6f;&#x6d;<\/a><\/strong><\/p>\n\n\n\n<hr class=\"wp-block-separator has-alpha-channel-opacity\"\/>\n\t\t\t\t\t\t\t\t<\/div>\n\t\t\t\t<\/div>\n\t\t\t\t\t<\/div>\n\t\t<\/div>\n\t\t\t\t\t<\/div>\n\t\t<\/section>\n\t\t\t\t<\/div>\n\t\t","protected":false},"excerpt":{"rendered":"<p>Derni\u00e8re mise \u00e0 jour : [juin 2025] Le site Ignisfumo.com utilise des cookies pour assurer le bon fonctionnement du site, am\u00e9liorer l\u2019exp\u00e9rience utilisateur et mesurer l\u2019audience. Cette politique vous explique comment nous utilisons ces cookies et comment les g\u00e9rer. 1. Qu\u2019est-ce qu\u2019un cookie ? Un cookie est un petit fichier texte enregistr\u00e9 sur votre appareil [&hellip;]<\/p>\n","protected":false},"author":2,"featured_media":0,"parent":0,"menu_order":0,"comment_status":"closed","ping_status":"closed","template":"elementor_canvas","meta":{"site-sidebar-layout":"default","site-content-layout":"","ast-site-content-layout":"default","site-content-style":"default","site-sidebar-style":"default","ast-global-header-display":"","ast-banner-title-visibility":"","ast-main-header-display":"","ast-hfb-above-header-display":"","ast-hfb-below-header-display":"","ast-hfb-mobile-header-display":"","site-post-title":"","ast-breadcrumbs-content":"","ast-featured-img":"","footer-sml-layout":"","ast-disable-related-posts":"","theme-transparent-header-meta":"","adv-header-id-meta":"","stick-header-meta":"","header-above-stick-meta":"","header-main-stick-meta":"","header-below-stick-meta":"","astra-migrate-meta-layouts":"set","ast-page-background-enabled":"default","ast-page-background-meta":{"desktop":{"background-color":"","background-image":"","background-repeat":"repeat","background-position":"center center","background-size":"auto","background-attachment":"scroll","background-type":"","background-media":"","overlay-type":"","overlay-color":"","overlay-opacity":"","overlay-gradient":""},"tablet":{"background-color":"","background-image":"","background-repeat":"repeat","background-position":"center center","background-size":"auto","background-attachment":"scroll","background-type":"","background-media":"","overlay-type":"","overlay-color":"","overlay-opacity":"","overlay-gradient":""},"mobile":{"background-color":"","background-image":"","background-repeat":"repeat","background-position":"center center","background-size":"auto","background-attachment":"scroll","background-type":"","background-media":"","overlay-type":"","overlay-color":"","overlay-opacity":"","overlay-gradient":""}},"ast-content-background-meta":{"desktop":{"background-color":"var(--ast-global-color-5)","background-image":"","background-repeat":"repeat","background-position":"center center","background-size":"auto","background-attachment":"scroll","background-type":"","background-media":"","overlay-type":"","overlay-color":"","overlay-opacity":"","overlay-gradient":""},"tablet":{"background-color":"var(--ast-global-color-5)","background-image":"","background-repeat":"repeat","background-position":"center center","background-size":"auto","background-attachment":"scroll","background-type":"","background-media":"","overlay-type":"","overlay-color":"","overlay-opacity":"","overlay-gradient":""},"mobile":{"background-color":"var(--ast-global-color-5)","background-image":"","background-repeat":"repeat","background-position":"center center","background-size":"auto","background-attachment":"scroll","background-type":"","background-media":"","overlay-type":"","overlay-color":"","overlay-opacity":"","overlay-gradient":""}},"footnotes":""},"class_list":["post-1390","page","type-page","status-publish","hentry"],"yoast_head":"<!-- This site is optimized with the Yoast SEO plugin v27.4 - https:\/\/yoast.com\/product\/yoast-seo-wordpress\/ -->\n<title>Politique des cookies - Ignis Fumo - Ignis Fumo<\/title>\n<meta name=\"robots\" content=\"index, follow, max-snippet:-1, max-image-preview:large, max-video-preview:-1\" \/>\n<link rel=\"canonical\" href=\"https:\/\/www.ignisfumo.com\/index.php\/politique-des-cookies-ignis-fumo\/\" \/>\n<meta property=\"og:locale\" content=\"fr_FR\" \/>\n<meta property=\"og:type\" content=\"article\" \/>\n<meta property=\"og:title\" content=\"Politique des cookies - Ignis Fumo - Ignis Fumo\" \/>\n<meta property=\"og:description\" content=\"Derni\u00e8re mise \u00e0 jour : [juin 2025] Le site Ignisfumo.com utilise des cookies pour assurer le bon fonctionnement du site, am\u00e9liorer l\u2019exp\u00e9rience utilisateur et mesurer l\u2019audience. Cette politique vous explique comment nous utilisons ces cookies et comment les g\u00e9rer. 1. Qu\u2019est-ce qu\u2019un cookie ? Un cookie est un petit fichier texte enregistr\u00e9 sur votre appareil [&hellip;]\" \/>\n<meta property=\"og:url\" content=\"https:\/\/www.ignisfumo.com\/index.php\/politique-des-cookies-ignis-fumo\/\" \/>\n<meta property=\"og:site_name\" content=\"Ignis Fumo\" \/>\n<meta property=\"article:modified_time\" content=\"2025-07-01T12:37:54+00:00\" \/>\n<meta name=\"twitter:card\" content=\"summary_large_image\" \/>\n<meta name=\"twitter:label1\" content=\"Dur\u00e9e de lecture estim\u00e9e\" \/>\n\t<meta name=\"twitter:data1\" content=\"2 minutes\" \/>\n<script type=\"application\/ld+json\" class=\"yoast-schema-graph\">{\"@context\":\"https:\\\/\\\/schema.org\",\"@graph\":[{\"@type\":\"WebPage\",\"@id\":\"https:\\\/\\\/www.ignisfumo.com\\\/index.php\\\/politique-des-cookies-ignis-fumo\\\/\",\"url\":\"https:\\\/\\\/www.ignisfumo.com\\\/index.php\\\/politique-des-cookies-ignis-fumo\\\/\",\"name\":\"Politique des cookies - Ignis Fumo - Ignis Fumo\",\"isPartOf\":{\"@id\":\"https:\\\/\\\/www.ignisfumo.com\\\/#website\"},\"datePublished\":\"2025-06-27T07:11:55+00:00\",\"dateModified\":\"2025-07-01T12:37:54+00:00\",\"breadcrumb\":{\"@id\":\"https:\\\/\\\/www.ignisfumo.com\\\/index.php\\\/politique-des-cookies-ignis-fumo\\\/#breadcrumb\"},\"inLanguage\":\"fr-FR\",\"potentialAction\":[{\"@type\":\"ReadAction\",\"target\":[\"https:\\\/\\\/www.ignisfumo.com\\\/index.php\\\/politique-des-cookies-ignis-fumo\\\/\"]}]},{\"@type\":\"BreadcrumbList\",\"@id\":\"https:\\\/\\\/www.ignisfumo.com\\\/index.php\\\/politique-des-cookies-ignis-fumo\\\/#breadcrumb\",\"itemListElement\":[{\"@type\":\"ListItem\",\"position\":1,\"name\":\"Accueil\",\"item\":\"https:\\\/\\\/www.ignisfumo.com\\\/\"},{\"@type\":\"ListItem\",\"position\":2,\"name\":\"Politique des cookies &#8211; Ignis Fumo\"}]},{\"@type\":\"WebSite\",\"@id\":\"https:\\\/\\\/www.ignisfumo.com\\\/#website\",\"url\":\"https:\\\/\\\/www.ignisfumo.com\\\/\",\"name\":\"Ignis Fumo\",\"description\":\"Services, produits et accessoires d\u00e9di\u00e9s au chauffage au bois\",\"publisher\":{\"@id\":\"https:\\\/\\\/www.ignisfumo.com\\\/#organization\"},\"potentialAction\":[{\"@type\":\"SearchAction\",\"target\":{\"@type\":\"EntryPoint\",\"urlTemplate\":\"https:\\\/\\\/www.ignisfumo.com\\\/?s={search_term_string}\"},\"query-input\":{\"@type\":\"PropertyValueSpecification\",\"valueRequired\":true,\"valueName\":\"search_term_string\"}}],\"inLanguage\":\"fr-FR\"},{\"@type\":\"Organization\",\"@id\":\"https:\\\/\\\/www.ignisfumo.com\\\/#organization\",\"name\":\"Ignis Fumo\",\"url\":\"https:\\\/\\\/www.ignisfumo.com\\\/\",\"logo\":{\"@type\":\"ImageObject\",\"inLanguage\":\"fr-FR\",\"@id\":\"https:\\\/\\\/www.ignisfumo.com\\\/#\\\/schema\\\/logo\\\/image\\\/\",\"url\":\"https:\\\/\\\/www.ignisfumo.com\\\/wp-content\\\/uploads\\\/2020\\\/08\\\/logo-if.png\",\"contentUrl\":\"https:\\\/\\\/www.ignisfumo.com\\\/wp-content\\\/uploads\\\/2020\\\/08\\\/logo-if.png\",\"width\":600,\"height\":250,\"caption\":\"Ignis Fumo\"},\"image\":{\"@id\":\"https:\\\/\\\/www.ignisfumo.com\\\/#\\\/schema\\\/logo\\\/image\\\/\"}}]}<\/script>\n<!-- \/ Yoast SEO plugin. -->","yoast_head_json":{"title":"Politique des cookies - Ignis Fumo - Ignis Fumo","robots":{"index":"index","follow":"follow","max-snippet":"max-snippet:-1","max-image-preview":"max-image-preview:large","max-video-preview":"max-video-preview:-1"},"canonical":"https:\/\/www.ignisfumo.com\/index.php\/politique-des-cookies-ignis-fumo\/","og_locale":"fr_FR","og_type":"article","og_title":"Politique des cookies - Ignis Fumo - Ignis Fumo","og_description":"Derni\u00e8re mise \u00e0 jour : [juin 2025] Le site Ignisfumo.com utilise des cookies pour assurer le bon fonctionnement du site, am\u00e9liorer l\u2019exp\u00e9rience utilisateur et mesurer l\u2019audience. Cette politique vous explique comment nous utilisons ces cookies et comment les g\u00e9rer. 1. Qu\u2019est-ce qu\u2019un cookie ? Un cookie est un petit fichier texte enregistr\u00e9 sur votre appareil [&hellip;]","og_url":"https:\/\/www.ignisfumo.com\/index.php\/politique-des-cookies-ignis-fumo\/","og_site_name":"Ignis Fumo","article_modified_time":"2025-07-01T12:37:54+00:00","twitter_card":"summary_large_image","twitter_misc":{"Dur\u00e9e de lecture estim\u00e9e":"2 minutes"},"schema":{"@context":"https:\/\/schema.org","@graph":[{"@type":"WebPage","@id":"https:\/\/www.ignisfumo.com\/index.php\/politique-des-cookies-ignis-fumo\/","url":"https:\/\/www.ignisfumo.com\/index.php\/politique-des-cookies-ignis-fumo\/","name":"Politique des cookies - Ignis Fumo - Ignis Fumo","isPartOf":{"@id":"https:\/\/www.ignisfumo.com\/#website"},"datePublished":"2025-06-27T07:11:55+00:00","dateModified":"2025-07-01T12:37:54+00:00","breadcrumb":{"@id":"https:\/\/www.ignisfumo.com\/index.php\/politique-des-cookies-ignis-fumo\/#breadcrumb"},"inLanguage":"fr-FR","potentialAction":[{"@type":"ReadAction","target":["https:\/\/www.ignisfumo.com\/index.php\/politique-des-cookies-ignis-fumo\/"]}]},{"@type":"BreadcrumbList","@id":"https:\/\/www.ignisfumo.com\/index.php\/politique-des-cookies-ignis-fumo\/#breadcrumb","itemListElement":[{"@type":"ListItem","position":1,"name":"Accueil","item":"https:\/\/www.ignisfumo.com\/"},{"@type":"ListItem","position":2,"name":"Politique des cookies &#8211; Ignis Fumo"}]},{"@type":"WebSite","@id":"https:\/\/www.ignisfumo.com\/#website","url":"https:\/\/www.ignisfumo.com\/","name":"Ignis Fumo","description":"Services, produits et accessoires d\u00e9di\u00e9s au chauffage au bois","publisher":{"@id":"https:\/\/www.ignisfumo.com\/#organization"},"potentialAction":[{"@type":"SearchAction","target":{"@type":"EntryPoint","urlTemplate":"https:\/\/www.ignisfumo.com\/?s={search_term_string}"},"query-input":{"@type":"PropertyValueSpecification","valueRequired":true,"valueName":"search_term_string"}}],"inLanguage":"fr-FR"},{"@type":"Organization","@id":"https:\/\/www.ignisfumo.com\/#organization","name":"Ignis Fumo","url":"https:\/\/www.ignisfumo.com\/","logo":{"@type":"ImageObject","inLanguage":"fr-FR","@id":"https:\/\/www.ignisfumo.com\/#\/schema\/logo\/image\/","url":"https:\/\/www.ignisfumo.com\/wp-content\/uploads\/2020\/08\/logo-if.png","contentUrl":"https:\/\/www.ignisfumo.com\/wp-content\/uploads\/2020\/08\/logo-if.png","width":600,"height":250,"caption":"Ignis Fumo"},"image":{"@id":"https:\/\/www.ignisfumo.com\/#\/schema\/logo\/image\/"}}]}},"jetpack_sharing_enabled":true,"_links":{"self":[{"href":"https:\/\/www.ignisfumo.com\/index.php\/wp-json\/wp\/v2\/pages\/1390","targetHints":{"allow":["GET"]}}],"collection":[{"href":"https:\/\/www.ignisfumo.com\/index.php\/wp-json\/wp\/v2\/pages"}],"about":[{"href":"https:\/\/www.ignisfumo.com\/index.php\/wp-json\/wp\/v2\/types\/page"}],"author":[{"embeddable":true,"href":"https:\/\/www.ignisfumo.com\/index.php\/wp-json\/wp\/v2\/users\/2"}],"replies":[{"embeddable":true,"href":"https:\/\/www.ignisfumo.com\/index.php\/wp-json\/wp\/v2\/comments?post=1390"}],"version-history":[{"count":4,"href":"https:\/\/www.ignisfumo.com\/index.php\/wp-json\/wp\/v2\/pages\/1390\/revisions"}],"predecessor-version":[{"id":1399,"href":"https:\/\/www.ignisfumo.com\/index.php\/wp-json\/wp\/v2\/pages\/1390\/revisions\/1399"}],"wp:attachment":[{"href":"https:\/\/www.ignisfumo.com\/index.php\/wp-json\/wp\/v2\/media?parent=1390"}],"curies":[{"name":"wp","href":"https:\/\/api.w.org\/{rel}","templated":true}]}}